{"id":1982,"date":"2026-01-29T16:21:54","date_gmt":"2026-01-29T15:21:54","guid":{"rendered":"https:\/\/agrosubex.com\/?page_id=1982"},"modified":"2026-02-05T17:13:29","modified_gmt":"2026-02-05T16:13:29","slug":"consultar-estado-de-pedidos","status":"publish","type":"page","link":"https:\/\/agrosubex.com\/?page_id=1982","title":{"rendered":"Panel Agroindustria &#8211; Consultar Estado de Pedidos\u200b"},"content":{"rendered":"\t\t<div data-elementor-type=\"wp-page\" data-elementor-id=\"1982\" class=\"elementor elementor-1982\">\n\t\t\t\t<div class=\"elementor-element elementor-element-6174505 e-flex e-con-boxed e-con e-parent\" data-id=\"6174505\" data-element_type=\"container\" data-e-type=\"container\">\n\t\t\t\t\t<div class=\"e-con-inner\">\n\t\t\t\t<div class=\"elementor-element elementor-element-6e691b8 elementor-widget elementor-widget-heading\" data-id=\"6e691b8\" data-element_type=\"widget\" data-e-type=\"widget\" data-widget_type=\"heading.default\">\n\t\t\t\t<div class=\"elementor-widget-container\">\n\t\t\t\t\t<h2 class=\"elementor-heading-title elementor-size-default\">Consultar estado del pedido.<\/h2>\t\t\t\t<\/div>\n\t\t\t\t<\/div>\n\t\t\t\t\t<\/div>\n\t\t\t\t<\/div>\n\t\t<div class=\"elementor-element elementor-element-16be842 e-flex e-con-boxed e-con e-parent\" data-id=\"16be842\" data-element_type=\"container\" data-e-type=\"container\">\n\t\t\t\t\t<div class=\"e-con-inner\">\n\t\t\t\t<div class=\"elementor-element elementor-element-419f7a5 elementor-widget elementor-widget-heading\" data-id=\"419f7a5\" data-element_type=\"widget\" data-e-type=\"widget\" data-widget_type=\"heading.default\">\n\t\t\t\t<div class=\"elementor-widget-container\">\n\t\t\t\t\t<h4 class=\"elementor-heading-title elementor-size-default\">Pedido #00123<\/h4>\t\t\t\t<\/div>\n\t\t\t\t<\/div>\n\t\t<div class=\"elementor-element elementor-element-01fcb36 e-con-full e-flex e-con e-child\" data-id=\"01fcb36\" data-element_type=\"container\" data-e-type=\"container\">\n\t\t<div class=\"elementor-element elementor-element-undefined-a8015ed e-con-full e-grid e-con e-child\" data-id=\"undefined-a8015ed\" data-element_type=\"container\" data-e-type=\"container\">\n\t\t\t\t<div class=\"elementor-element elementor-element-52401ae elementor-widget-tablet__width-initial elementor-widget-mobile__width-inherit elementor-position-top elementor-widget elementor-widget-image-box\" data-id=\"52401ae\" data-element_type=\"widget\" data-e-type=\"widget\" data-widget_type=\"image-box.default\">\n\t\t\t\t<div class=\"elementor-widget-container\">\n\t\t\t\t\t<div class=\"elementor-image-box-wrapper\"><figure class=\"elementor-image-box-img\"><img decoding=\"async\" src=\"https:\/\/gene.elementor.red\/wp-content\/uploads\/2024\/02\/wireframe-img-1-e1708013680578.png\" title=\"\" alt=\"\" loading=\"lazy\" \/><\/figure><div class=\"elementor-image-box-content\"><h3 class=\"elementor-image-box-title\">Pedido 1<\/h3><p class=\"elementor-image-box-description\">Estado: Pendiente de pago\/confirmaci\u00f3n<\/p><\/div><\/div>\t\t\t\t<\/div>\n\t\t\t\t<\/div>\n\t\t\t\t<\/div>\n\t\t\t\t<div class=\"elementor-element elementor-element-d3473b8 elementor-alert-info elementor-widget elementor-widget-alert\" data-id=\"d3473b8\" data-element_type=\"widget\" data-e-type=\"widget\" data-widget_type=\"alert.default\">\n\t\t\t\t<div class=\"elementor-widget-container\">\n\t\t\t\t\t\t\t<div class=\"elementor-alert\" role=\"alert\">\n\n\t\t\t\t\t\t<span class=\"elementor-alert-title\">Esto es una alerta<\/span>\n\t\t\t\n\t\t\t\t\t\t<span class=\"elementor-alert-description\">Alerta: Hay un problema con el pago del cliente.<\/span>\n\t\t\t\n\t\t\t\t\t\t<button type=\"button\" class=\"elementor-alert-dismiss\" aria-label=\"Descartar esta alerta.\">\n\t\t\t\t\t\t\t\t\t<span aria-hidden=\"true\">&times;<\/span>\n\t\t\t\t\t\t\t<\/button>\n\t\t\t\n\t\t<\/div>\n\t\t\t\t\t\t<\/div>\n\t\t\t\t<\/div>\n\t\t\t\t<div class=\"elementor-element elementor-element-1cf5970 elementor-widget elementor-widget-text-editor\" data-id=\"1cf5970\" data-element_type=\"widget\" data-e-type=\"widget\" data-widget_type=\"text-editor.default\">\n\t\t\t\t<div class=\"elementor-widget-container\">\n\t\t\t\t\t\t\t\t\t<p>Confirmaci\u00f3n del transportista:<\/p>\t\t\t\t\t\t\t\t<\/div>\n\t\t\t\t<\/div>\n\t\t\t\t<div class=\"elementor-element elementor-element-9764968 elementor-widget__width-auto elementor-widget elementor-widget-stratum-content-switcher\" data-id=\"9764968\" data-element_type=\"widget\" data-e-type=\"widget\" data-widget_type=\"stratum-content-switcher.default\">\n\t\t\t\t<div class=\"elementor-widget-container\">\n\t\t\t\t\t\n<div class=\"stratum-content-switcher is-multiple \">\n\t<div class=\"stratum-content-switcher__wrapper\">\n\t\t<div class=\"stratum-content-switcher__nav\">\n\t\t\t\t\t\t\t<div class=\"stratum-content-switcher__nav-content\">\n\t\t\t\t\t<div class=\"stratum-content-switcher__nav-pill\"><\/div>\n\t\t\t\t\t<ul class=\"stratum-content-switcher__nav-items\">\n\t\t\t\t\t\t\t\t\t\t\t\t\t\t<li data-tab-id=\"0\" class=\"stratum-content-switcher__nav-item is-active\">\n\t\t\t\t\t\t\t\t\t<a class=\"stratum-content-switcher__nav-button\" href=\"#\" data-content=\"id-content-5ccc5c969f2745d714df\">\n\t\t\t\t\t\t\t\t\t\t<span class=\"stratum-content-switcher__nav-title\">S\u00cd<\/span>\n\t\t\t\t\t\t\t\t\t<\/a>\n\t\t\t\t\t\t\t\t<\/li>\n\t\t\t\t\t\t\t\t\t\t\t\t\t\t\t<li data-tab-id=\"1\" class=\"stratum-content-switcher__nav-item\">\n\t\t\t\t\t\t\t\t\t<a class=\"stratum-content-switcher__nav-button\" href=\"#\" data-content=\"id-content-5cd12b269f2745d714df\">\n\t\t\t\t\t\t\t\t\t\t<span class=\"stratum-content-switcher__nav-title\">NO<\/span>\n\t\t\t\t\t\t\t\t\t<\/a>\n\t\t\t\t\t\t\t\t<\/li>\n\t\t\t\t\t\t\t\t\t\t\t\t<\/ul>\n\t\t\t\t<\/div>\n\t\t\t\t\t<\/div>\n\t\t<div class=\"stratum-content-switcher__content fade-animation\">\n\t\t\t\t\t\t\t\t<div class=\"stratum-content-switcher__item is-active\" id=\"id-content-5ccc5c969f2745d714df\" >\n\t\t\t\t\t\t<div class=\"stratum-content-switcher__item-wrapper\">\n\t\t\t\t\t\t\t\t\t\t\t\t<\/div>\n\t\t\t\t\t<\/div>\n\t\t\t\t\t\t\t\t\t<div class=\"stratum-content-switcher__item\" id=\"id-content-5cd12b269f2745d714df\" >\n\t\t\t\t\t\t<div class=\"stratum-content-switcher__item-wrapper\">\n\t\t\t\t\t\t\t\t\t\t\t\t<\/div>\n\t\t\t\t\t<\/div>\n\t\t\t\t\t\t<\/div>\n\t<\/div>\n<\/div>\n\t\t\t\t<\/div>\n\t\t\t\t<\/div>\n\t\t\t\t<div class=\"elementor-element elementor-element-82bc1da elementor-widget elementor-widget-stratum-vertical-timeline\" data-id=\"82bc1da\" data-element_type=\"widget\" data-e-type=\"widget\" data-widget_type=\"stratum-vertical-timeline.default\">\n\t\t\t\t<div class=\"elementor-widget-container\">\n\t\t\t\t\t<div class=\"stratum-vertical-timeline stratum-vertical-timeline--align-middle\" data-animation=\"none\">\n\t<div class=\"stratum-vertical-timeline__line\">\n        <div class=\"stratum-vertical-timeline__line-progress\"><\/div>\n    <\/div>\n\n    <div class=\"stratum-vertical-timeline__list\">            <div class=\"stratum-vertical-timeline-item card-chess elementor-repeater-item-b60bde4\">\n                <div class=\"stratum-vertical-timeline-item__inner stratum-vertical-timeline-item__inner\">\n                    <div class=\"stratum-vertical-timeline-item__card\">\n                        <div class=\"stratum-vertical-timeline-item__card-inner\">\n\t\t\t\t\t\t\t                            <div class=\"stratum-vertical-timeline-item__card-content\">\n                            <div class=\"stratum-vertical-timeline-item__meta-copy\">\n                                <div class=\"stratum-vertical-timeline-item__meta-content\">\n                                    Agosto 13, 2026                                <\/div>\n                            <\/div>\n\t\t\t\t\t\t\t\n                                <h5 class=\"stratum-vertical-timeline-item__card-title\">\n\t\t\t\t\t\t\t\t\tPedido 1\u200b\t\t\t\t\t\t\t\t<\/h5>\n\n\t\t\t\t\t\t\t\t\t\t\t\t\t\t\t\t\t<div class=\"stratum-vertical-timeline-item__card-description\">\n\t\t\t\t\t\t\t\t\t\tLorem ipsum dolor sit amet, consectetur adipiscing elit. Ut elit tellus, luctus nec ullamcorper mattis, pulvinar dapibus leo.\t\t\t\t\t\t\t\t\t<\/div>\n\t\t\t\t\t\t\t\t                            <\/div>\n                            <div class=\"stratum-vertical-timeline-item__card-arrow\"><\/div>\n                        <\/div>\n                    <\/div>\n\n                    <div class=\"stratum-vertical-timeline-item__point\">\n                        <div class=\"stratum-vertical-timeline-item__point-content stratum-vertical-timeline-item__point-content--icon\"><span class='stratum-vertical-timeline-item__icon'><svg aria-hidden=\"true\" class=\"e-font-icon-svg e-fa-shopping-cart\" viewBox=\"0 0 576 512\" xmlns=\"http:\/\/www.w3.org\/2000\/svg\"><path d=\"M528.12 301.319l47.273-208C578.806 78.301 567.391 64 551.99 64H159.208l-9.166-44.81C147.758 8.021 137.93 0 126.529 0H24C10.745 0 0 10.745 0 24v16c0 13.255 10.745 24 24 24h69.883l70.248 343.435C147.325 417.1 136 435.222 136 456c0 30.928 25.072 56 56 56s56-25.072 56-56c0-15.674-6.447-29.835-16.824-40h209.647C430.447 426.165 424 440.326 424 456c0 30.928 25.072 56 56 56s56-25.072 56-56c0-22.172-12.888-41.332-31.579-50.405l5.517-24.276c3.413-15.018-8.002-29.319-23.403-29.319H218.117l-6.545-32h293.145c11.206 0 20.92-7.754 23.403-18.681z\"><\/path><\/svg><\/span><\/div>                    <\/div>\n\n                    <div class=\"stratum-vertical-timeline-item__meta\">\n                        <div class=\"stratum-vertical-timeline-item__meta-content\">\n\t\t\t\t\t\t\tAgosto 13, 2026\t\t\t\t\t\t<\/div>\n                    <\/div>\n\n                <\/div>\n            <\/div>\n                    <div class=\"stratum-vertical-timeline-item card-chess elementor-repeater-item-b044770\">\n                <div class=\"stratum-vertical-timeline-item__inner stratum-vertical-timeline-item__inner\">\n                    <div class=\"stratum-vertical-timeline-item__card\">\n                        <div class=\"stratum-vertical-timeline-item__card-inner\">\n\t\t\t\t\t\t\t                            <div class=\"stratum-vertical-timeline-item__card-content\">\n                            <div class=\"stratum-vertical-timeline-item__meta-copy\">\n                                <div class=\"stratum-vertical-timeline-item__meta-content\">\n                                    August 22, 2026                                <\/div>\n                            <\/div>\n\t\t\t\t\t\t\t\n                                <h5 class=\"stratum-vertical-timeline-item__card-title\">\n\t\t\t\t\t\t\t\t\tPedido 1\t\t\t\t\t\t\t\t<\/h5>\n\n\t\t\t\t\t\t\t\t\t\t\t\t\t\t\t\t\t<div class=\"stratum-vertical-timeline-item__card-description\">\n\t\t\t\t\t\t\t\t\t\tLorem ipsum dolor sit amet, consectetur adipiscing elit. Ut elit tellus, luctus nec ullamcorper mattis, pulvinar dapibus leo.\t\t\t\t\t\t\t\t\t<\/div>\n\t\t\t\t\t\t\t\t                            <\/div>\n                            <div class=\"stratum-vertical-timeline-item__card-arrow\"><\/div>\n                        <\/div>\n                    <\/div>\n\n                    <div class=\"stratum-vertical-timeline-item__point\">\n                        <div class=\"stratum-vertical-timeline-item__point-content stratum-vertical-timeline-item__point-content--icon\"><span class='stratum-vertical-timeline-item__icon'><svg aria-hidden=\"true\" class=\"e-font-icon-svg e-fa-shopping-cart\" viewBox=\"0 0 576 512\" xmlns=\"http:\/\/www.w3.org\/2000\/svg\"><path d=\"M528.12 301.319l47.273-208C578.806 78.301 567.391 64 551.99 64H159.208l-9.166-44.81C147.758 8.021 137.93 0 126.529 0H24C10.745 0 0 10.745 0 24v16c0 13.255 10.745 24 24 24h69.883l70.248 343.435C147.325 417.1 136 435.222 136 456c0 30.928 25.072 56 56 56s56-25.072 56-56c0-15.674-6.447-29.835-16.824-40h209.647C430.447 426.165 424 440.326 424 456c0 30.928 25.072 56 56 56s56-25.072 56-56c0-22.172-12.888-41.332-31.579-50.405l5.517-24.276c3.413-15.018-8.002-29.319-23.403-29.319H218.117l-6.545-32h293.145c11.206 0 20.92-7.754 23.403-18.681z\"><\/path><\/svg><\/span><\/div>                    <\/div>\n\n                    <div class=\"stratum-vertical-timeline-item__meta\">\n                        <div class=\"stratum-vertical-timeline-item__meta-content\">\n\t\t\t\t\t\t\tAugust 22, 2026\t\t\t\t\t\t<\/div>\n                    <\/div>\n\n                <\/div>\n            <\/div>\n                    <div class=\"stratum-vertical-timeline-item card-chess elementor-repeater-item-299b165\">\n                <div class=\"stratum-vertical-timeline-item__inner stratum-vertical-timeline-item__inner\">\n                    <div class=\"stratum-vertical-timeline-item__card\">\n                        <div class=\"stratum-vertical-timeline-item__card-inner\">\n\t\t\t\t\t\t\t                            <div class=\"stratum-vertical-timeline-item__card-content\">\n                            <div class=\"stratum-vertical-timeline-item__meta-copy\">\n                                <div class=\"stratum-vertical-timeline-item__meta-content\">\n                                    September 8, 2026                                <\/div>\n                            <\/div>\n\t\t\t\t\t\t\t\n                                <h5 class=\"stratum-vertical-timeline-item__card-title\">\n\t\t\t\t\t\t\t\t\tPedido 1\t\t\t\t\t\t\t\t<\/h5>\n\n\t\t\t\t\t\t\t\t\t\t\t\t\t\t\t\t\t<div class=\"stratum-vertical-timeline-item__card-description\">\n\t\t\t\t\t\t\t\t\t\tLorem ipsum dolor sit amet, consectetur adipiscing elit. Ut elit tellus, luctus nec ullamcorper mattis, pulvinar dapibus leo.\t\t\t\t\t\t\t\t\t<\/div>\n\t\t\t\t\t\t\t\t                            <\/div>\n                            <div class=\"stratum-vertical-timeline-item__card-arrow\"><\/div>\n                        <\/div>\n                    <\/div>\n\n                    <div class=\"stratum-vertical-timeline-item__point\">\n                        <div class=\"stratum-vertical-timeline-item__point-content stratum-vertical-timeline-item__point-content--icon\"><span class='stratum-vertical-timeline-item__icon'><svg aria-hidden=\"true\" class=\"e-font-icon-svg e-fa-shopping-cart\" viewBox=\"0 0 576 512\" xmlns=\"http:\/\/www.w3.org\/2000\/svg\"><path d=\"M528.12 301.319l47.273-208C578.806 78.301 567.391 64 551.99 64H159.208l-9.166-44.81C147.758 8.021 137.93 0 126.529 0H24C10.745 0 0 10.745 0 24v16c0 13.255 10.745 24 24 24h69.883l70.248 343.435C147.325 417.1 136 435.222 136 456c0 30.928 25.072 56 56 56s56-25.072 56-56c0-15.674-6.447-29.835-16.824-40h209.647C430.447 426.165 424 440.326 424 456c0 30.928 25.072 56 56 56s56-25.072 56-56c0-22.172-12.888-41.332-31.579-50.405l5.517-24.276c3.413-15.018-8.002-29.319-23.403-29.319H218.117l-6.545-32h293.145c11.206 0 20.92-7.754 23.403-18.681z\"><\/path><\/svg><\/span><\/div>                    <\/div>\n\n                    <div class=\"stratum-vertical-timeline-item__meta\">\n                        <div class=\"stratum-vertical-timeline-item__meta-content\">\n\t\t\t\t\t\t\tSeptember 8, 2026\t\t\t\t\t\t<\/div>\n                    <\/div>\n\n                <\/div>\n            <\/div>\n                    <div class=\"stratum-vertical-timeline-item card-chess elementor-repeater-item-38b980e\">\n                <div class=\"stratum-vertical-timeline-item__inner stratum-vertical-timeline-item__inner\">\n                    <div class=\"stratum-vertical-timeline-item__card\">\n                        <div class=\"stratum-vertical-timeline-item__card-inner\">\n\t\t\t\t\t\t\t                            <div class=\"stratum-vertical-timeline-item__card-content\">\n                            <div class=\"stratum-vertical-timeline-item__meta-copy\">\n                                <div class=\"stratum-vertical-timeline-item__meta-content\">\n                                    Septiembre 11, 2026                                <\/div>\n                            <\/div>\n\t\t\t\t\t\t\t\n                                <h5 class=\"stratum-vertical-timeline-item__card-title\">\n\t\t\t\t\t\t\t\t\tPedido 1\t\t\t\t\t\t\t\t<\/h5>\n\n\t\t\t\t\t\t\t\t\t\t\t\t\t\t\t\t\t<div class=\"stratum-vertical-timeline-item__card-description\">\n\t\t\t\t\t\t\t\t\t\tLorem ipsum dolor sit amet, consectetur adipiscing elit. Ut elit tellus, luctus nec ullamcorper mattis, pulvinar dapibus leo.\t\t\t\t\t\t\t\t\t<\/div>\n\t\t\t\t\t\t\t\t                            <\/div>\n                            <div class=\"stratum-vertical-timeline-item__card-arrow\"><\/div>\n                        <\/div>\n                    <\/div>\n\n                    <div class=\"stratum-vertical-timeline-item__point\">\n                        <div class=\"stratum-vertical-timeline-item__point-content stratum-vertical-timeline-item__point-content--icon\"><span class='stratum-vertical-timeline-item__icon'><svg aria-hidden=\"true\" class=\"e-font-icon-svg e-fa-shopping-cart\" viewBox=\"0 0 576 512\" xmlns=\"http:\/\/www.w3.org\/2000\/svg\"><path d=\"M528.12 301.319l47.273-208C578.806 78.301 567.391 64 551.99 64H159.208l-9.166-44.81C147.758 8.021 137.93 0 126.529 0H24C10.745 0 0 10.745 0 24v16c0 13.255 10.745 24 24 24h69.883l70.248 343.435C147.325 417.1 136 435.222 136 456c0 30.928 25.072 56 56 56s56-25.072 56-56c0-15.674-6.447-29.835-16.824-40h209.647C430.447 426.165 424 440.326 424 456c0 30.928 25.072 56 56 56s56-25.072 56-56c0-22.172-12.888-41.332-31.579-50.405l5.517-24.276c3.413-15.018-8.002-29.319-23.403-29.319H218.117l-6.545-32h293.145c11.206 0 20.92-7.754 23.403-18.681z\"><\/path><\/svg><\/span><\/div>                    <\/div>\n\n                    <div class=\"stratum-vertical-timeline-item__meta\">\n                        <div class=\"stratum-vertical-timeline-item__meta-content\">\n\t\t\t\t\t\t\tSeptiembre 11, 2026\t\t\t\t\t\t<\/div>\n                    <\/div>\n\n                <\/div>\n            <\/div>\n                    <div class=\"stratum-vertical-timeline-item card-chess elementor-repeater-item-47e89f8\">\n                <div class=\"stratum-vertical-timeline-item__inner stratum-vertical-timeline-item__inner\">\n                    <div class=\"stratum-vertical-timeline-item__card\">\n                        <div class=\"stratum-vertical-timeline-item__card-inner\">\n\t\t\t\t\t\t\t                            <div class=\"stratum-vertical-timeline-item__card-content\">\n                            <div class=\"stratum-vertical-timeline-item__meta-copy\">\n                                <div class=\"stratum-vertical-timeline-item__meta-content\">\n                                    Septiembre 11, 2026                                <\/div>\n                            <\/div>\n\t\t\t\t\t\t\t\n                                <h5 class=\"stratum-vertical-timeline-item__card-title\">\n\t\t\t\t\t\t\t\t\tPedido 1\t\t\t\t\t\t\t\t<\/h5>\n\n\t\t\t\t\t\t\t\t\t\t\t\t\t\t\t\t\t<div class=\"stratum-vertical-timeline-item__card-description\">\n\t\t\t\t\t\t\t\t\t\tLorem ipsum dolor sit amet, consectetur adipiscing elit. Ut elit tellus, luctus nec ullamcorper mattis, pulvinar dapibus leo.\t\t\t\t\t\t\t\t\t<\/div>\n\t\t\t\t\t\t\t\t                            <\/div>\n                            <div class=\"stratum-vertical-timeline-item__card-arrow\"><\/div>\n                        <\/div>\n                    <\/div>\n\n                    <div class=\"stratum-vertical-timeline-item__point\">\n                        <div class=\"stratum-vertical-timeline-item__point-content stratum-vertical-timeline-item__point-content--icon\"><span class='stratum-vertical-timeline-item__icon'><svg aria-hidden=\"true\" class=\"e-font-icon-svg e-fa-shopping-cart\" viewBox=\"0 0 576 512\" xmlns=\"http:\/\/www.w3.org\/2000\/svg\"><path d=\"M528.12 301.319l47.273-208C578.806 78.301 567.391 64 551.99 64H159.208l-9.166-44.81C147.758 8.021 137.93 0 126.529 0H24C10.745 0 0 10.745 0 24v16c0 13.255 10.745 24 24 24h69.883l70.248 343.435C147.325 417.1 136 435.222 136 456c0 30.928 25.072 56 56 56s56-25.072 56-56c0-15.674-6.447-29.835-16.824-40h209.647C430.447 426.165 424 440.326 424 456c0 30.928 25.072 56 56 56s56-25.072 56-56c0-22.172-12.888-41.332-31.579-50.405l5.517-24.276c3.413-15.018-8.002-29.319-23.403-29.319H218.117l-6.545-32h293.145c11.206 0 20.92-7.754 23.403-18.681z\"><\/path><\/svg><\/span><\/div>                    <\/div>\n\n                    <div class=\"stratum-vertical-timeline-item__meta\">\n                        <div class=\"stratum-vertical-timeline-item__meta-content\">\n\t\t\t\t\t\t\tSeptiembre 11, 2026\t\t\t\t\t\t<\/div>\n                    <\/div>\n\n                <\/div>\n            <\/div>\n            <\/div>\n<\/div>\n\t\t\t\t<\/div>\n\t\t\t\t<\/div>\n\t\t\t\t<\/div>\n\t\t\t\t\t<\/div>\n\t\t\t\t<\/div>\n\t\t\t\t<\/div>\n\t\t","protected":false},"excerpt":{"rendered":"<p>Consultar estado del pedido. Pedido #00123 Pedido 1 Estado: Pendiente de pago\/confirmaci\u00f3n Esto es una alerta Alerta: Hay un problema con el pago del cliente. &times; Confirmaci\u00f3n del transportista: S\u00cd NO<\/p>\n","protected":false},"author":1,"featured_media":0,"parent":0,"menu_order":0,"comment_status":"closed","ping_status":"closed","template":"","meta":{"_eb_attr":"","footnotes":""},"class_list":["post-1982","page","type-page","status-publish","hentry"],"blocksy_meta":[],"_links":{"self":[{"href":"https:\/\/agrosubex.com\/index.php?rest_route=\/wp\/v2\/pages\/1982","targetHints":{"allow":["GET"]}}],"collection":[{"href":"https:\/\/agrosubex.com\/index.php?rest_route=\/wp\/v2\/pages"}],"about":[{"href":"https:\/\/agrosubex.com\/index.php?rest_route=\/wp\/v2\/types\/page"}],"author":[{"embeddable":true,"href":"https:\/\/agrosubex.com\/index.php?rest_route=\/wp\/v2\/users\/1"}],"replies":[{"embeddable":true,"href":"https:\/\/agrosubex.com\/index.php?rest_route=%2Fwp%2Fv2%2Fcomments&post=1982"}],"version-history":[{"count":19,"href":"https:\/\/agrosubex.com\/index.php?rest_route=\/wp\/v2\/pages\/1982\/revisions"}],"predecessor-version":[{"id":2488,"href":"https:\/\/agrosubex.com\/index.php?rest_route=\/wp\/v2\/pages\/1982\/revisions\/2488"}],"wp:attachment":[{"href":"https:\/\/agrosubex.com\/index.php?rest_route=%2Fwp%2Fv2%2Fmedia&parent=1982"}],"curies":[{"name":"wp","href":"https:\/\/api.w.org\/{rel}","templated":true}]}}